{"id":117,"date":"2025-12-19T20:02:09","date_gmt":"2025-12-19T20:02:09","guid":{"rendered":"https:\/\/aikidomallorca.twinforce.es\/schedule-en\/"},"modified":"2026-02-16T10:29:07","modified_gmt":"2026-02-16T10:29:07","slug":"schedule","status":"publish","type":"page","link":"https:\/\/aikidomallorca.com\/en\/schedule\/","title":{"rendered":"Schedule &#038; Instructors"},"content":{"rendered":"\n<div class=\"wp-block-group aikido-card is-layout-constrained wp-block-group-is-layout-constrained\">\n\t\n\t<h2 class=\"wp-block-heading\">Horarios<\/h2>\n\t\n\n\t\n\t<figure class=\"wp-block-table aikido-schedule-table\"><table class=\"schedule-table\">\n\t\t<thead>\n\t\t\t<tr>\n\t\t\t\t<th>Horarios<\/th>\n\t\t\t\t<th>Lunes<\/th>\n\t\t\t\t<th>Martes<\/th>\n\t\t\t\t<th>Mi\u00e9rcoles<\/th>\n\t\t\t\t<th>Jueves<\/th>\n\t\t\t\t<th>Viernes<\/th>\n\t\t\t\t<th>S\u00e1bado<\/th>\n\t\t\t<\/tr>\n\t\t<\/thead>\n\t\t<tbody>\n\t\t\t<tr>\n\t\t\t\t<td>07:00\u201308:00<\/td>\n\t\t\t\t<td>Juan D\u00edaz (5th Dan)<\/td>\n\t\t\t\t<td><\/td>\n\t\t\t\t<td>Juan D\u00edaz (5th Dan)<\/td>\n\t\t\t\t<td><\/td>\n\t\t\t\t<td>Juan D\u00edaz (5th Dan)<\/td>\n\t\t\t\t<td><\/td>\n\t\t\t<\/tr>\n\t\t\t<tr>\n\t\t\t\t<td>11:00\u201312:00<\/td>\n\t\t\t\t<td>Teresa Llinas (6th Dan)<\/td>\n\t\t\t\t<td><\/td>\n\t\t\t\t<td>Teresa Llinas (6th Dan)<\/td>\n\t\t\t\t<td><\/td>\n\t\t\t\t<td>Teresa Llinas (6th Dan)<\/td>\n\t\t\t\t<td><\/td>\n\t\t\t<\/tr>\n\t\t\t<tr>\n\t\t\t\t<td>19:00\u201320:00<\/td>\n\t\t\t\t<td>Manolo Garc\u00eda (6th Dan)<\/td>\n\t\t\t\t<td><\/td>\n\t\t\t\t<td>Manolo Garc\u00eda (6th Dan)<\/td>\n\t\t\t\t<td>Manolo Garc\u00eda (6th Dan)<\/td>\n\t\t\t\t<td>Manolo Garc\u00eda (6th Dan)<\/td>\n\t\t\t\t<td><\/td>\n\t\t\t<\/tr>\n\t\t\t<tr>\n\t\t\t\t<td>20:00\u201321:00<\/td>\n\t\t\t\t<td><\/td>\n\t\t\t\t<td>Teresa Llinas (6th Dan)<\/td>\n\t\t\t\t<td><\/td>\n\t\t\t\t<td><\/td>\n\t\t\t\t<td><\/td>\n\t\t\t\t<td><\/td>\n\t\t\t<\/tr>\n\t\t\t<tr>\n\t\t\t\t<td>10:00\u201311:30<\/td>\n\t\t\t\t<td><\/td>\n\t\t\t\t<td><\/td>\n\t\t\t\t<td><\/td>\n\t\t\t\t<td><\/td>\n\t\t\t\t<td><\/td>\n\t\t\t\t<td>Alfonso G\u00f3mez (6th Dan)<\/td>\n\t\t\t<\/tr>\n\t\t<\/tbody>\n\t<\/table><\/figure>\n\t\n<\/div>\n\n<div class=\"wp-block-group aikido-card is-layout-constrained wp-block-group-is-layout-constrained\">\n\t\n\t<h2 class=\"wp-block-heading\">Profesores<\/h2>\n\t\n\n\t\n\t<div class=\"wp-block-columns is-layout-flex wp-container-core-columns-is-layout-cbe57604 wp-block-columns-is-layout-flex\">\n\t\t\n\t\t<div class=\"wp-block-column is-layout-flow wp-block-column-is-layout-flow\">\n\t\t\t\n\t\t\t<figure class=\"wp-block-image size-large\"><img loading=\"lazy\" decoding=\"async\" width=\"800\" height=\"600\" src=\"https:\/\/aikidomallorca.com\/wp-content\/uploads\/2025\/12\/dsc07018.jpg\" alt=\"Manolo Garc&#xED;a\" class=\"wp-image-32\" srcset=\"https:\/\/aikidomallorca.com\/wp-content\/uploads\/2025\/12\/dsc07018.jpg 800w, https:\/\/aikidomallorca.com\/wp-content\/uploads\/2025\/12\/dsc07018-300x225.jpg 300w, https:\/\/aikidomallorca.com\/wp-content\/uploads\/2025\/12\/dsc07018-768x576.jpg 768w\" sizes=\"auto, (max-width: 800px) 100vw, 800px\" \/><\/figure>\n\t\t\t\n\n\t\t\t\n\t\t\t<h3 class=\"wp-block-heading\">Manolo Garc\u00eda<\/h3>\n\t\t\t\n\n\t\t\t\n\t\t\t<p>Nacido en Madrid en 1961, pero mallorqu\u00edn de adopci\u00f3n desde los 2 a\u00f1os.<\/p>\n\t\t\t\n\n\t\t\t\n\t\t\t<p>Es 6\u00ba dan Aikikai, otorgado por Yoshimitsu Yamada Sensei, y tiene el t\u00edtulo de Shihan otorgado por el actual Doshu Moriteru Ueshiba. Tambi\u00e9n es 6\u00ba dan otorgado por la Federaci\u00f3n Espa\u00f1ola de Judo y DD.AA.<\/p>\n\t\t\t\n\n\t\t\t\n\t\t\t<p>Dentro del seno federativo es delegado y director t\u00e9cnico de Aikido de la Federaci\u00f3n Balear, y ostenta el t\u00edtulo de Maestro Nacional en Aikido y en Defensa Personal, y Profesor Especialista en Aikido.<\/p>\n\t\t\t\n\n\t\t\t\n\t\t\t<p>Tiene otorgada la medalla de Oro al m\u00e9rito deportivo. El dojo tambi\u00e9n tiene la distinci\u00f3n de medalla de oro por llevar m\u00e1s de 30 a\u00f1os en el seno federativo.<\/p>\n\t\t\t\n\n\t\t\t\n\t\t\t<p>Lleva desde los a\u00f1os 80 en la pr\u00e1ctica y es el instructor jefe del dojo.<\/p>\n\t\t\t\n\n\t\t\t\n\t\t\t<p>He currently coordinates the dojo\u2019s activity and supports the training of new students.<\/p>\n\t\t\t\n\n\t\t\t\n\t\t\t<p>A partir de junio de 2024, el Hombu Dojo de Tokio le otorga reconocimiento para examinar grados Aikikai hasta 4\u00ba dan, y para realizar promociones m\u00e1s all\u00e1 de ese grado.<\/p>\n\t\t\t\n\t\t<\/div>\n\t\t\n\n\t\t\n\t\t<div class=\"wp-block-column is-layout-flow wp-block-column-is-layout-flow\">\n\t\t\t\n\t\t\t<figure class=\"wp-block-image size-large\"><img loading=\"lazy\" decoding=\"async\" width=\"800\" height=\"600\" src=\"https:\/\/aikidomallorca.com\/wp-content\/uploads\/2025\/12\/dsc07361.jpg\" alt=\"Teresa Llinas\" class=\"wp-image-33\" srcset=\"https:\/\/aikidomallorca.com\/wp-content\/uploads\/2025\/12\/dsc07361.jpg 800w, https:\/\/aikidomallorca.com\/wp-content\/uploads\/2025\/12\/dsc07361-300x225.jpg 300w, https:\/\/aikidomallorca.com\/wp-content\/uploads\/2025\/12\/dsc07361-768x576.jpg 768w\" sizes=\"auto, (max-width: 800px) 100vw, 800px\" \/><\/figure>\n\t\t\t\n\n\t\t\t\n\t\t\t<h3 class=\"wp-block-heading\">Teresa Llinas<\/h3>\n\t\t\t\n\n\t\t\t\n\t\t\t<p>Nacida en Palma de Mallorca, lleva practicando Aikido desde principios de los 90.<\/p>\n\t\t\t\n\n\t\t\t\n\t\t\t<p>Es 6\u00ba dan Aikikai Shidoin, otorgado por Yoshimitsu Yamada Shihan, y 4\u00ba dan por la Federaci\u00f3n Espa\u00f1ola de Judo y DD.AA.<\/p>\n\t\t\t\n\n\t\t\t\n\t\t\t<p>En el seno federativo ostenta el t\u00edtulo de Entrenadora Auton\u00f3mica.<\/p>\n\t\t\t\n\n\t\t\t\n\t\t\t<p>Tiene otorgada la medalla de plata al m\u00e9rito deportivo.<\/p>\n\t\t\t\n\n\t\t\t\n\t\t\t<p>Ostenta el rango junto con Manolo Garc\u00eda de dojo-cho.<\/p>\n\t\t\t\n\t\t<\/div>\n\t\t\n\t<\/div>\n\t\n<\/div>\n","protected":false},"excerpt":{"rendered":"<p>Horarios Horarios Lunes Martes Mi\u00e9rcoles Jueves Viernes S\u00e1bado 07:00\u201308:00 Juan D\u00edaz (5th Dan) Juan D\u00edaz (5th Dan) Juan D\u00edaz (5th Dan) 11:00\u201312:00 Teresa Llinas (6th&hellip;<\/p>\n","protected":false},"author":0,"featured_media":225,"parent":0,"menu_order":4,"comment_status":"closed","ping_status":"closed","template":"","meta":{"footnotes":""},"class_list":["post-117","page","type-page","status-publish","has-post-thumbnail","hentry"],"_links":{"self":[{"href":"https:\/\/aikidomallorca.com\/en\/wp-json\/wp\/v2\/pages\/117","targetHints":{"allow":["GET"]}}],"collection":[{"href":"https:\/\/aikidomallorca.com\/en\/wp-json\/wp\/v2\/pages"}],"about":[{"href":"https:\/\/aikidomallorca.com\/en\/wp-json\/wp\/v2\/types\/page"}],"replies":[{"embeddable":true,"href":"https:\/\/aikidomallorca.com\/en\/wp-json\/wp\/v2\/comments?post=117"}],"version-history":[{"count":10,"href":"https:\/\/aikidomallorca.com\/en\/wp-json\/wp\/v2\/pages\/117\/revisions"}],"predecessor-version":[{"id":270,"href":"https:\/\/aikidomallorca.com\/en\/wp-json\/wp\/v2\/pages\/117\/revisions\/270"}],"wp:featuredmedia":[{"embeddable":true,"href":"https:\/\/aikidomallorca.com\/en\/wp-json\/wp\/v2\/media\/225"}],"wp:attachment":[{"href":"https:\/\/aikidomallorca.com\/en\/wp-json\/wp\/v2\/media?parent=117"}],"curies":[{"name":"wp","href":"https:\/\/api.w.org\/{rel}","templated":true}]}}